{"id":4443,"date":"2021-08-25T12:17:58","date_gmt":"2021-08-25T15:17:58","guid":{"rendered":"https:\/\/apoio.art\/links-france\/"},"modified":"2025-02-12T08:29:04","modified_gmt":"2025-02-12T11:29:04","slug":"links-france","status":"publish","type":"page","link":"https:\/\/apoio.art\/en\/links-france\/","title":{"rendered":"LINKS FRANCE"},"content":{"rendered":"\n<h2 class=\"wp-block-heading\" id=\"links-de-busca-na-franca\">Search links in France<\/h2>\n\n<p><\/p>\n\n<p><\/p>\n\n<p>If you&#8217;re interested in academic funding, first go to the <a rel=\"noreferrer noopener\" href=\"https:\/\/www.bresil.campusfrance.org\/bolsas-estudos\" target=\"_blank\">Campus France<\/a> website. Another way: click on <a rel=\"noreferrer noopener\" href=\"https:\/\/campusbourses.campusfrance.org\/#\/catalog\" target=\"_blank\">https:\/\/campusbourses.campusfrance.org\/#\/catalog<\/a> under &#8220;Nationalit\u00e9&#8221;.   &gt;&gt;  &#8220;Am\u00e9rique&#8221; and then activate the &#8220;Br\u00e9sil&#8221; checkbox.<\/p>\n\n<p>Companies, groups and artists interested in partnerships and in promoting and contracting in Europe can seek general information from the chambers of commerce of <a rel=\"noreferrer noopener\" href=\"https:\/\/www.ccifrance-international.org\/notre-reseau\/les-cci-fi\/amerique-du-sud\/exporter-s-implanter-bresil.html\" target=\"_blank\">France in Brazil<\/a> or <a rel=\"noreferrer noopener\" href=\"https:\/\/www.ccbf.fr\/?lang=pt-br\" target=\"_blank\">Brazil in France<\/a>. See also the list of <a rel=\"noreferrer noopener\" href=\"http:\/\/cgparis.itamaraty.gov.br\/pt-br\/cultura_brasileira.xml\" target=\"_blank\">organizations already established in France<\/a>, provided by the Brazilian embassy in Paris. More specific are the initiatives of associations from various fields of artists and sectors of the creative economy, which aim to provide guidance on marketing, promotion and contracts abroad.  <\/p>\n\n<p>Discover the <a rel=\"noreferrer noopener\" href=\"https:\/\/www.institutfrancais.com\/fr\/offre\" target=\"_blank\">main access to<\/a> the Institut Fran\u00e7ais&#8217;s offers, the <a rel=\"noreferrer noopener\" href=\"https:\/\/ifcinema.institutfrancais.com\/fr\" target=\"_blank\">IFcin\u00e9ma<\/a> page, and an overview of the various <a rel=\"noreferrer noopener\" href=\"https:\/\/www.pro.institutfrancais.com\/fr\/plateformes\" target=\"_blank\">digital platforms<\/a>. And visit the <a rel=\"noreferrer noopener\" href=\"https:\/\/www.culture.gouv.fr\/Aides-demarches\/Appels-a-projets\" target=\"_blank\">list of calls for proposals<\/a> on the French Ministry of Culture&#8217;s website. <\/p>\n\n<p><\/p>\n\n<p><\/p>\n\n<p><strong>Here is an initial selection of links<\/strong><\/p>\n\n<ul class=\"wp-block-list\"><li><a rel=\"noreferrer noopener\" href=\"https:\/\/cipac.net\" target=\"_blank\">https:\/\/cipac.net<\/a>   &gt;<a href=\"https:\/\/cipac.net\/annonces\/appels\" target=\"_blank\" rel=\"noreferrer noopener\">vacancies<\/a>    &gt;<a rel=\"noreferrer noopener\" href=\"https:\/\/cipac.net\/annonces\/offres\" target=\"_blank\">vacancies<\/a><\/li><li><a rel=\"noreferrer noopener\" href=\"https:\/\/www.onda.fr\/\" target=\"_blank\">https:\/\/www.onda.fr\/<\/a><\/li><li><a rel=\"noreferrer noopener\" href=\"https:\/\/www.afdas.com\" target=\"_blank\">https:\/\/www.afdas.com<\/a><\/li><li><a rel=\"noreferrer noopener\" href=\"http:\/\/www.jobculture.fr\" target=\"_blank\">http:\/\/www.jobculture.fr<\/a><\/li><li><a rel=\"noreferrer noopener\" href=\"https:\/\/www.artcena.fr\" target=\"_blank\">https:\/\/www.artcena.fr<\/a><\/li><li><a href=\"https:\/\/www.artsenresidence.fr\/\">https:\/\/www.artsenresidence.fr\/<\/a><\/li><li><a rel=\"noreferrer noopener\" href=\"https:\/\/www.culturelink.fr\" target=\"_blank\">https:\/\/www.culturelink.fr<\/a><\/li><li><a rel=\"noreferrer noopener\" href=\"https:\/\/www.cnmwork.fr\" target=\"_blank\">https:\/\/www.cnmwork.fr<\/a><\/li><li><a rel=\"noreferrer noopener\" href=\"http:\/\/www.jobculture.fr\" target=\"_blank\">http:\/\/www.jobculture.fr<\/a><\/li><li><a rel=\"noreferrer noopener\" href=\"https:\/\/www.freelance.com\" target=\"_blank\">https:\/\/www.freelance.com<\/a><\/li><li><a rel=\"noreferrer noopener\" href=\"https:\/\/reseau-dda.org\/fr\/calls\" target=\"_blank\">https:\/\/reseau-dda.org\/fr\/calls<\/a><\/li><li><a rel=\"noreferrer noopener\" href=\"http:\/\/www.artsenresidence.fr\" target=\"_blank\">http:\/\/www.artsenresidence.fr<\/a><\/li><li><a rel=\"noreferrer noopener\" href=\"https:\/\/www.spectable.com\" target=\"_blank\">https:\/\/www.spectable.com<\/a><\/li><li><a rel=\"noreferrer noopener\" href=\"https:\/\/www.cnap.fr\/annonces\" target=\"_blank\">https:\/\/www.cnap.fr\/annonces<\/a><\/li><li><a rel=\"noreferrer noopener\" href=\"https:\/\/www.citedesartsparis.net\" target=\"_blank\">https:\/\/www.citedesartsparis.net<\/a><\/li><li><a rel=\"noreferrer noopener\" href=\"https:\/\/www.profilculture.com\" target=\"_blank\">https:\/\/www.profilculture.com<\/a><\/li><li><a rel=\"noreferrer noopener\" href=\"http:\/\/www.mobiculture.fr\/fr\" target=\"_blank\">http:\/\/www.mobiculture.fr\/fr<\/a><\/li><li><a rel=\"noreferrer noopener\" href=\"https:\/\/hacnum.org\/dispositifs-daides\/\" target=\"_blank\">https:\/\/hacnum.org\/dispositifs-daides\/<\/a><\/li><li><a rel=\"noreferrer noopener\" href=\"https:\/\/www.institutfrancais.com\/fr\/offre\" target=\"_blank\">https:\/\/www.institutfrancais.com\/fr\/offre<\/a><\/li><li><a rel=\"noreferrer noopener\" href=\"https:\/\/www.filmfestplatform.com\/#\/home\" target=\"_blank\">https:\/\/www.filmfestplatform.com\/#\/home<\/a><\/li><li><a rel=\"noreferrer noopener\" href=\"http:\/\/www.m-e-l.fr\/index.php\" target=\"_blank\">http:\/\/www.m-e-l.fr\/index.php<\/a><\/li><li><a rel=\"noreferrer noopener\" href=\"http:\/\/www.m-e-l.fr\/agenda.php\" target=\"_blank\">http:\/\/www.m-e-l.fr\/agenda.php<\/a><\/li><li><a rel=\"noreferrer noopener\" href=\"http:\/\/www.m-e-l.fr\/rechercher-residences.php\" target=\"_blank\">http:\/\/www.m-e-l.fr\/rechercher-residences.php<\/a><\/li><li><a rel=\"noreferrer noopener\" href=\"https:\/\/www.euraxess.fr\/\" target=\"_blank\">Euraxess France<\/a> &gt;<a rel=\"noreferrer noopener\" href=\"https:\/\/www.euraxess.fr\/jobs\/search\/country\/france-1104\" target=\"_blank\">vacancies<\/a> &gt;<a rel=\"noreferrer noopener\" href=\"https:\/\/www.euraxess.fr\/funding\/search\/country\/france-1104\" target=\"_blank\">scholarships<\/a><\/li><li>www.miz.org &gt;<a rel=\"noreferrer noopener\" href=\"http:\/\/www.miz.org\/suche_771.html\" target=\"_blank\">music competitions in Europe<\/a> (search Frankreich)<\/li><li><a href=\"http:\/\/www.enda.fr\/aides-aux-financements\/\">http:\/\/www.enda.fr\/aides-aux-financements\/<\/a><\/li><li><a rel=\"noreferrer noopener\" href=\"https:\/\/www.culture.gouv.fr\/Aides-demarches\/Appels-a-projets\" target=\"_blank\">https:\/\/www.culture.gouv.fr\/Aides-demarches\/Appels-a-projets<\/a><\/li><li><a rel=\"noreferrer noopener\" href=\"https:\/\/on-the-move.org\/files\/OTM_guide_mobilite_France_Edition2020.pdf\" target=\"_blank\">Guide to international mobility funding for artists and cultural professionals &#8211; France<\/a> (2020)<\/li><li><a rel=\"noreferrer noopener\" href=\"https:\/\/on-the-move.org\/files\/Guide%20de%20Fonds%20Prives_final%2029_10%20.pdf\" target=\"_blank\">Guide des fondations priv\u00e9es en France, Financements Art + Culture + International<\/a> (2020)<\/li><li><a rel=\"noreferrer noopener\" href=\"https:\/\/hacnum.org\/ressource\/guide-des-aides-pour-les-artistes-souhaitant-travailler-en-environnement-numerique\/\" target=\"_blank\">Guide des aides \u00e0 la cr\u00e9ation en environnement num\u00e9rique<\/a> (11\/2020)<\/li><li><a rel=\"noreferrer noopener\" href=\"https:\/\/www.cnap.fr\/node\/74893\" target=\"_blank\">CNAP &#8211; 223 R\u00e9sidences d&#8217;arts visuels en France (2016)<\/a>: French or English<\/li><li>Sophie Lano\u00eb: Le Prix de l&#8217;art contemporain, Paris 2021 (&gt;<a rel=\"noreferrer noopener\" href=\"https:\/\/books.google.com.br\/books?id=DMckEAAAQBAJ&amp;pg=PA260&amp;lpg=PA260&amp;dq=pernod+ricard+arts+mentorship&amp;source=bl&amp;ots=oOt9iQcfax&amp;sig=ACfU3U2fdI4pzbJjixHF7Ygx21-rym9HDA&amp;hl=pt-BR&amp;sa=X&amp;ved=2ahUKEwiK8eHh_dL2AhVRqpUCHWxNCJgQ6AF6BAgYEAM#v=onepage&amp;q=pernod%20ricard%20arts%20mentorship&amp;f=false\" target=\"_blank\">visualization Google<\/a>)<\/li><li><a rel=\"noreferrer noopener\" href=\"https:\/\/fashionunited.be\/fr\/actualite\/salons\/\" target=\"_blank\">https:\/\/fashionunited.be\/fr\/actualite\/salons\/<\/a><\/li><li><a rel=\"noreferrer noopener\" href=\"https:\/\/www.myeventnetwork.com\/\" target=\"_blank\">https:\/\/www.myeventnetwork.com\/<\/a> (search events media) &gt;<a rel=\"noreferrer noopener\" href=\"https:\/\/www.myeventnetwork.com\/agenda\/recherche\" target=\"_blank\">agenda<\/a><\/li><li><a rel=\"noreferrer noopener\" href=\"https:\/\/pretaporter.com\/actualite-de-la-federation\/agenda\/\" target=\"_blank\">https:\/\/pretaporter.com\/actualite-de-la-federation\/agenda\/<\/a><\/li><li><a rel=\"noreferrer noopener\" href=\"https:\/\/www.interstyleparis.com\/concours-stylisme-mode-textile\" target=\"_blank\">https:\/\/www.interstyleparis.com\/concours-stylisme-mode-textile<\/a><\/li><li><a rel=\"noreferrer noopener\" href=\"http:\/\/www.ateliersdeparis.com\/appels-a-candidatures\/\" target=\"_blank\">http:\/\/www.ateliersdeparis.com\/appels-a-candidatures\/<\/a><\/li><li><a rel=\"noreferrer noopener\" href=\"https:\/\/www.institut-metiersdart.org\/\" target=\"_blank\">https:\/\/www.institut-metiersdart.org\/<\/a><\/li><li>M\u00e9tiers d&#8217;Art: <a rel=\"noreferrer noopener\" href=\"https:\/\/designetmetiersdart.fr\/organigramme\/\" target=\"_blank\">structure<\/a> and <a rel=\"noreferrer noopener\" href=\"https:\/\/designetmetiersdart.fr\/cartographie-generale\/\" target=\"_blank\">cartography<\/a> of training in France<\/li><li>www.fisheyemagazine.fr &gt;<a rel=\"noreferrer noopener\" href=\"https:\/\/www.fisheyemagazine.fr\/appel-a-candidatures\/\" target=\"_blank\">appel-a-candidatures<\/a> &gt;<a rel=\"noreferrer noopener\" href=\"https:\/\/www.fisheyemagazine.fr\/?s=candidature\" target=\"_blank\">site search<\/a><\/li><li><a rel=\"noreferrer noopener\" href=\"https:\/\/catalogue.philharmoniedeparis.fr\/bibliographie-mecenat-et-crowdfunding-dans-la-culture.aspx\" target=\"_blank\">M\u00e9c\u00e9nat and Crowdfunding in Culture<\/a><\/li><li><a rel=\"noreferrer noopener\" href=\"http:\/\/blog.apahau.org\/\" target=\"_blank\">http:\/\/blog.apahau.org\/<\/a> (Art History &amp; Archaeology scholarships, colloquia and vacancies)<\/li><li><a rel=\"noreferrer noopener\" href=\"http:\/\/pepinieres.eu\/\" target=\"_blank\">http:\/\/pepinieres.eu\/<\/a> (p.e.x. numerical art)<\/li><\/ul>\n\n<p><\/p>\n\n<p>Various (organizations, press)<\/p>\n\n<ul class=\"wp-block-list\"><li><a rel=\"noreferrer noopener\" href=\"https:\/\/www.fncaue.com\/?page=home\" target=\"_blank\">C|A.U.E<\/a> &#8211; Architecture, Urban Planning and Environment Councils<\/li><li>PAJ Magazine &#8211; <a rel=\"noreferrer noopener\" href=\"https:\/\/www.paj-mag.fr\/dictionnaire-du-patrimoine\/\" target=\"_blank\">Dictionnaire du patrimoine<\/a><\/li><li><a rel=\"noreferrer noopener\" href=\"https:\/\/www.vmfpatrimoine.org\/\" target=\"_blank\">VMF<\/a> association (material heritage website)<\/li><li><a rel=\"noreferrer noopener\" href=\"https:\/\/www.musexplora.com\/\" target=\"_blank\">MusExplora<\/a> &#8211; Virtual tours of museums and exhibitions<\/li><li><a rel=\"noreferrer noopener\" href=\"https:\/\/loc-hall.fr\/\" target=\"_blank\">LocHall<\/a> &#8211; Rental of &#8216;lieux singuliers&#8217; for artistic events<\/li><li><a rel=\"noreferrer noopener\" href=\"https:\/\/www.moncherwatson.fr\/\" target=\"_blank\">Mon cher Watson<\/a> &#8211; Varied blog Art|Culture<\/li><li><a rel=\"noreferrer noopener\" href=\"https:\/\/adrc-asso.org\/\" target=\"_blank\">ADRC<\/a> &#8211; National agency (&#8230;) for regional cinemas<\/li><li><a rel=\"noreferrer noopener\" href=\"https:\/\/www.adagp.fr\/fr\" target=\"_blank\">ADAGP<\/a> &#8211; Soci\u00e9t\u00e9 des Auteurs dans les Arts graphiques et plastiques<\/li><li><a rel=\"noreferrer noopener\" href=\"https:\/\/www.upp.photo\/fr\/\" target=\"_blank\">UPP<\/a> &#8211; Union des Photographes Professionnels<\/li><li><a href=\"https:\/\/reseau-diagonal.com\/\" target=\"_blank\" rel=\"noreferrer noopener\">Diagonal<\/a> &#8211; Photography<\/li><\/ul>\n\n<p><\/p>\n\n<p>Marketing<\/p>\n\n<p><a href=\"https:\/\/groover.co\/fr\/\" target=\"_blank\" rel=\"noreferrer noopener\">Groover<\/a> &#8211; Platform that connects musicians with record labels, media and influencers<\/p>\n","protected":false},"excerpt":{"rendered":"<p>Search links in France If you&#8217;re interested in academic funding, first go to the Campus France website. Another way: click on https:\/\/campusbourses.campusfrance.org\/#\/catalog under &#8220;Nationalit\u00e9&#8221;. &gt;&gt; &#8220;Am\u00e9rique&#8221; and then activate the&#8230;<\/p>\n","protected":false},"author":5,"featured_media":0,"parent":0,"menu_order":0,"comment_status":"closed","ping_status":"closed","template":"","meta":{"inline_featured_image":false,"footnotes":""},"class_list":["post-4443","page","type-page","status-publish","hentry"],"acf":[],"_links":{"self":[{"href":"https:\/\/apoio.art\/en\/wp-json\/wp\/v2\/pages\/4443","targetHints":{"allow":["GET"]}}],"collection":[{"href":"https:\/\/apoio.art\/en\/wp-json\/wp\/v2\/pages"}],"about":[{"href":"https:\/\/apoio.art\/en\/wp-json\/wp\/v2\/types\/page"}],"author":[{"embeddable":true,"href":"https:\/\/apoio.art\/en\/wp-json\/wp\/v2\/users\/5"}],"replies":[{"embeddable":true,"href":"https:\/\/apoio.art\/en\/wp-json\/wp\/v2\/comments?post=4443"}],"version-history":[{"count":1,"href":"https:\/\/apoio.art\/en\/wp-json\/wp\/v2\/pages\/4443\/revisions"}],"predecessor-version":[{"id":4446,"href":"https:\/\/apoio.art\/en\/wp-json\/wp\/v2\/pages\/4443\/revisions\/4446"}],"wp:attachment":[{"href":"https:\/\/apoio.art\/en\/wp-json\/wp\/v2\/media?parent=4443"}],"curies":[{"name":"wp","href":"https:\/\/api.w.org\/{rel}","templated":true}]}}